{"id":233,"date":"2019-08-29T15:24:30","date_gmt":"2019-08-29T13:24:30","guid":{"rendered":"https:\/\/gaia-industrie.ch\/?page_id=233"},"modified":"2019-08-29T17:15:01","modified_gmt":"2019-08-29T15:15:01","slug":"mentions-legales","status":"publish","type":"page","link":"https:\/\/gaia-industrie.ch\/fr\/mentions-legales\/","title":{"rendered":"Mentions L\u00e9gales"},"content":{"rendered":"<p><\/p>\n<h2>Gaia Industrie S\u00e0rl<\/h2>\n<h3>Si\u00e8ge social<\/h3>\n<p>Biel Bienne, Suisse<\/p>\n<h3>H\u00e9bergeur<\/h3>\n<p>OVH 2, rue Kellermann<br \/>\n59100 Roubaix- France<\/p>\n<h2>Informations l\u00e9gales<\/h2>\n<p>Ce site est la propri\u00e9t\u00e9 de Gaia Industrie S\u00e0rl<br \/>\nSiret : CHE-187.362.061<br \/>\nEditeur et Responsable l\u00e9gal : Gaia Industrie s\u00e0rl<br \/>\nLe Site a \u00e9t\u00e9 con\u00e7u et r\u00e9alis\u00e9 par Daria Porokhovoi, Design, Eug\u00e8ne Kudryavtsev, technique, Anne-Christine Courault, conception, textes et photos, cahier des charges.<\/p>\n<h2>Propri\u00e9t\u00e9 intellectuelle et droits d\u2019auteur<\/h2>\n<p>Les photographies, textes, slogans, dessins, images, logos, ic\u00f4nes, s\u00e9quences anim\u00e9es ainsi que toutes \u0153uvres int\u00e9gr\u00e9es dans le site sont la propri\u00e9t\u00e9 de Gaia Industrie S\u00e0rl ou de tiers ayant autoris\u00e9 Gaia Industrie S\u00e0rl \u00e0 les utiliser et sont prot\u00e9g\u00e9es au titre des droits d\u2019auteur et suivants du Code de la Propri\u00e9t\u00e9 Intellectuelle relatifs \u00e0 la protection des donn\u00e9es. Les reproductions, sur un support papier ou informatique, dudit site et des \u0153uvres qui y sont reproduits sont autoris\u00e9es sous r\u00e9serve qu\u2019elles soient strictement r\u00e9serv\u00e9es \u00e0 un usage personnel excluant tout usage \u00e0 des fins publicitaires, commerciales ou d\u2019information et qu\u2019elles soient conformes aux dispositions du Code de la Propri\u00e9t\u00e9 Intellectuelle. \u00c0 l\u2019exception des dispositions l\u00e9gales cidessus, toute reproduction, repr\u00e9sentation, utilisation ou modification, par quelque proc\u00e9d\u00e9 que ce soit et sur quelque support que ce soit, de tout ou partie du site ou des diff\u00e9rentes \u0153uvres qui le composent, sans avoir obtenu l\u2019autorisation pr\u00e9alable de Gaia Industrie S\u00e0rl est strictement interdite et constitue un d\u00e9lit de contrefa\u00e7on et peut donner suite \u00e0 des poursuites judiciaires civiles et\/ou p\u00e9nales et au paiement de dommages et int\u00e9r\u00eats.<\/p>\n<h2>H\u00e9bergement<\/h2>\n<p>Le site www.gaia-industrie.ch est h\u00e9berg\u00e9 par : la soci\u00e9t\u00e9 OVH, SAS au capital de 10 000 000 \u20ac, inscrite au RCS de Roubaix-Tourcoing sous le n\u00b0 424 761 419 dont le si\u00e8ge social est situ\u00e9 2 rue Kellermann \u00e0 Roubaix (5910).<\/p>\n<h2>Responsabilit\u00e9<\/h2>\n<p>Gaia Industrie s\u00e0rl d\u00e9cline toute responsabilit\u00e9 concernant le contenu disponible sur les autres sites internet vers lesquels il a cr\u00e9\u00e9 des liens ou qui auraient pu \u00eatre cr\u00e9\u00e9s \u00e0 son insu. L\u2019acc\u00e8s \u00e0 tous les autres sites internet li\u00e9s \u00e0 ce site web se fait aux risques de l\u2019utilisateur.<\/p>\n<p>Gaia Industrie s\u00e0rl d\u00e9cline aussi toute responsabilit\u00e9 pour toutes les informations contenus sur des sites tiers o\u00f9 figurent des liens renvoyant au site www.gaia-industrie.ch.<\/p>","protected":false},"excerpt":{"rendered":"<p>Gaia Industrie S\u00e0rl Si\u00e8ge social Biel Bienne, Suisse H\u00e9bergeur OVH 2, rue Kellermann 59100 Roubaix- France Informations l\u00e9gales Ce site est la propri\u00e9t\u00e9 de Gaia Industrie S\u00e0rl Siret : CHE-187.362.061 &#8230;<\/p>\n","protected":false},"author":3,"featured_media":0,"parent":0,"menu_order":0,"comment_status":"closed","ping_status":"closed","template":"","meta":[],"yoast_head":"<!-- This site is optimized with the Yoast SEO plugin v20.3 - https:\/\/yoast.com\/wordpress\/plugins\/seo\/ -->\n<title>Mentions L\u00e9gales - Gaia Industrie<\/title>\n<meta name=\"robots\" content=\"index, follow, max-snippet:-1, max-image-preview:large, max-video-preview:-1\" \/>\n<link rel=\"canonical\" href=\"https:\/\/gaia-industrie.ch\/fr\/mentions-legales\/\" \/>\n<meta property=\"og:locale\" content=\"fr_FR\" \/>\n<meta property=\"og:type\" content=\"article\" \/>\n<meta property=\"og:title\" content=\"[:fr]Mentions L\u00e9gales[:] - Gaia Industrie\" \/>\n<meta property=\"og:description\" content=\"Gaia Industrie S\u00e0rl Si\u00e8ge social Biel Bienne, Suisse H\u00e9bergeur OVH 2, rue Kellermann 59100 Roubaix- France Informations l\u00e9gales Ce site est la propri\u00e9t\u00e9 de Gaia Industrie S\u00e0rl Siret : CHE-187.362.061 ...\" \/>\n<meta property=\"og:url\" content=\"https:\/\/gaia-industrie.ch\/fr\/mentions-legales\/\" \/>\n<meta property=\"og:site_name\" content=\"Gaia Industrie\" \/>\n<meta property=\"article:modified_time\" content=\"2019-08-29T15:15:01+00:00\" \/>\n<meta name=\"twitter:card\" content=\"summary_large_image\" \/>\n<meta name=\"twitter:label1\" content=\"Dur\u00e9e de lecture estim\u00e9e\" \/>\n\t<meta name=\"twitter:data1\" content=\"2 minutes\" \/>\n<script type=\"application\/ld+json\" class=\"yoast-schema-graph\">{\"@context\":\"https:\/\/schema.org\",\"@graph\":[{\"@type\":\"WebPage\",\"@id\":\"https:\/\/gaia-industrie.ch\/fr\/mentions-legales\/\",\"url\":\"https:\/\/gaia-industrie.ch\/fr\/mentions-legales\/\",\"name\":\"[:fr]Mentions L\u00e9gales[:] - Gaia Industrie\",\"isPartOf\":{\"@id\":\"https:\/\/gaia-industrie.ch\/fr\/#website\"},\"datePublished\":\"2019-08-29T13:24:30+00:00\",\"dateModified\":\"2019-08-29T15:15:01+00:00\",\"breadcrumb\":{\"@id\":\"https:\/\/gaia-industrie.ch\/fr\/mentions-legales\/#breadcrumb\"},\"inLanguage\":\"fr-FR\",\"potentialAction\":[{\"@type\":\"ReadAction\",\"target\":[\"https:\/\/gaia-industrie.ch\/fr\/mentions-legales\/\"]}]},{\"@type\":\"BreadcrumbList\",\"@id\":\"https:\/\/gaia-industrie.ch\/fr\/mentions-legales\/#breadcrumb\",\"itemListElement\":[{\"@type\":\"ListItem\",\"position\":1,\"name\":\"Accueil\",\"item\":\"https:\/\/gaia-industrie.ch\/fr\/\"},{\"@type\":\"ListItem\",\"position\":2,\"name\":\"Mentions L\u00e9gales\"}]},{\"@type\":\"WebSite\",\"@id\":\"https:\/\/gaia-industrie.ch\/fr\/#website\",\"url\":\"https:\/\/gaia-industrie.ch\/fr\/\",\"name\":\"Gaia Industriet\",\"description\":\"Expertise en risque industriel\",\"publisher\":{\"@id\":\"https:\/\/gaia-industrie.ch\/fr\/#organization\"},\"potentialAction\":[{\"@type\":\"SearchAction\",\"target\":{\"@type\":\"EntryPoint\",\"urlTemplate\":\"https:\/\/gaia-industrie.ch\/fr\/?s={search_term_string}\"},\"query-input\":\"required name=search_term_string\"}],\"inLanguage\":\"fr-FR\"},{\"@type\":\"Organization\",\"@id\":\"https:\/\/gaia-industrie.ch\/fr\/#organization\",\"name\":\"Gaia Industrie\",\"url\":\"https:\/\/gaia-industrie.ch\/fr\/\",\"logo\":{\"@type\":\"ImageObject\",\"inLanguage\":\"fr-FR\",\"@id\":\"https:\/\/gaia-industrie.ch\/fr\/#\/schema\/logo\/image\/\",\"url\":\"https:\/\/gaia-industrie.ch\/wp-content\/uploads\/2017\/07\/logoGaia.png\",\"contentUrl\":\"https:\/\/gaia-industrie.ch\/wp-content\/uploads\/2017\/07\/logoGaia.png\",\"width\":370,\"height\":153,\"caption\":\"Gaia Industrie\"},\"image\":{\"@id\":\"https:\/\/gaia-industrie.ch\/fr\/#\/schema\/logo\/image\/\"}}]}<\/script>\n<!-- \/ Yoast SEO plugin. -->","yoast_head_json":{"title":"[:fr]Mentions L\u00e9gales[:] - Gaia Industrie","robots":{"index":"index","follow":"follow","max-snippet":"max-snippet:-1","max-image-preview":"max-image-preview:large","max-video-preview":"max-video-preview:-1"},"canonical":"https:\/\/gaia-industrie.ch\/fr\/mentions-legales\/","og_locale":"fr_FR","og_type":"article","og_title":"[:fr]Mentions L\u00e9gales[:] - Gaia Industrie","og_description":"Gaia Industrie S\u00e0rl Si\u00e8ge social Biel Bienne, Suisse H\u00e9bergeur OVH 2, rue Kellermann 59100 Roubaix- France Informations l\u00e9gales Ce site est la propri\u00e9t\u00e9 de Gaia Industrie S\u00e0rl Siret : CHE-187.362.061 ...","og_url":"https:\/\/gaia-industrie.ch\/fr\/mentions-legales\/","og_site_name":"Gaia Industrie","article_modified_time":"2019-08-29T15:15:01+00:00","twitter_card":"summary_large_image","twitter_misc":{"Dur\u00e9e de lecture estim\u00e9e":"2 minutes"},"schema":{"@context":"https:\/\/schema.org","@graph":[{"@type":"WebPage","@id":"https:\/\/gaia-industrie.ch\/fr\/mentions-legales\/","url":"https:\/\/gaia-industrie.ch\/fr\/mentions-legales\/","name":"[:fr]Mentions L\u00e9gales[:] - Gaia Industrie","isPartOf":{"@id":"https:\/\/gaia-industrie.ch\/fr\/#website"},"datePublished":"2019-08-29T13:24:30+00:00","dateModified":"2019-08-29T15:15:01+00:00","breadcrumb":{"@id":"https:\/\/gaia-industrie.ch\/fr\/mentions-legales\/#breadcrumb"},"inLanguage":"fr-FR","potentialAction":[{"@type":"ReadAction","target":["https:\/\/gaia-industrie.ch\/fr\/mentions-legales\/"]}]},{"@type":"BreadcrumbList","@id":"https:\/\/gaia-industrie.ch\/fr\/mentions-legales\/#breadcrumb","itemListElement":[{"@type":"ListItem","position":1,"name":"Accueil","item":"https:\/\/gaia-industrie.ch\/fr\/"},{"@type":"ListItem","position":2,"name":"Mentions L\u00e9gales"}]},{"@type":"WebSite","@id":"https:\/\/gaia-industrie.ch\/fr\/#website","url":"https:\/\/gaia-industrie.ch\/fr\/","name":"Gaia Industriet","description":"Expertise en risque industriel","publisher":{"@id":"https:\/\/gaia-industrie.ch\/fr\/#organization"},"potentialAction":[{"@type":"SearchAction","target":{"@type":"EntryPoint","urlTemplate":"https:\/\/gaia-industrie.ch\/fr\/?s={search_term_string}"},"query-input":"required name=search_term_string"}],"inLanguage":"fr-FR"},{"@type":"Organization","@id":"https:\/\/gaia-industrie.ch\/fr\/#organization","name":"Gaia Industrie","url":"https:\/\/gaia-industrie.ch\/fr\/","logo":{"@type":"ImageObject","inLanguage":"fr-FR","@id":"https:\/\/gaia-industrie.ch\/fr\/#\/schema\/logo\/image\/","url":"https:\/\/gaia-industrie.ch\/wp-content\/uploads\/2017\/07\/logoGaia.png","contentUrl":"https:\/\/gaia-industrie.ch\/wp-content\/uploads\/2017\/07\/logoGaia.png","width":370,"height":153,"caption":"Gaia Industrie"},"image":{"@id":"https:\/\/gaia-industrie.ch\/fr\/#\/schema\/logo\/image\/"}}]}},"_links":{"self":[{"href":"https:\/\/gaia-industrie.ch\/fr\/wp-json\/wp\/v2\/pages\/233"}],"collection":[{"href":"https:\/\/gaia-industrie.ch\/fr\/wp-json\/wp\/v2\/pages"}],"about":[{"href":"https:\/\/gaia-industrie.ch\/fr\/wp-json\/wp\/v2\/types\/page"}],"author":[{"embeddable":true,"href":"https:\/\/gaia-industrie.ch\/fr\/wp-json\/wp\/v2\/users\/3"}],"replies":[{"embeddable":true,"href":"https:\/\/gaia-industrie.ch\/fr\/wp-json\/wp\/v2\/comments?post=233"}],"version-history":[{"count":1,"href":"https:\/\/gaia-industrie.ch\/fr\/wp-json\/wp\/v2\/pages\/233\/revisions"}],"predecessor-version":[{"id":234,"href":"https:\/\/gaia-industrie.ch\/fr\/wp-json\/wp\/v2\/pages\/233\/revisions\/234"}],"wp:attachment":[{"href":"https:\/\/gaia-industrie.ch\/fr\/wp-json\/wp\/v2\/media?parent=233"}],"curies":[{"name":"wp","href":"https:\/\/api.w.org\/{rel}","templated":true}]}}