{"id":25,"date":"2017-07-19T23:03:25","date_gmt":"2017-07-19T21:03:25","guid":{"rendered":"http:\/\/gaia-industrie.ch\/?page_id=25"},"modified":"2026-02-04T12:55:49","modified_gmt":"2026-02-04T11:55:49","slug":"accueil","status":"publish","type":"page","link":"https:\/\/gaia-industrie.ch\/fr\/","title":{"rendered":"Accueil"},"content":{"rendered":"<p><strong>Gaia Industrie<\/strong>, c&#8217;est plus de trente ans d\u2019exp\u00e9rience industrielle et internationale \u00e0 votre service. Nos activit\u00e9s se d\u00e9veloppent autour de trois axes de comp\u00e9tences : qualit\u00e9, s\u00e9curit\u00e9 et environnement.<br \/>\n<a  href=\"javascript:smae_decode('Y29udGFjdEBnYWlhLWluZHVzdHJpZS5jaA==');\" >&#032;&#099;&#111;&#110;&#116;&#097;&#099;&#116;&#101;&#122;&#045;&#110;&#111;&#117;&#115;&#033;<\/a><\/p>\n<p><img decoding=\"async\" loading=\"lazy\" class=\" wp-image-56 aligncenter\" src=\"http:\/\/gaia-industrie.ch\/wp-content\/uploads\/2017\/07\/ac_Archive_2011-529-300x225.jpg\" alt=\"\" width=\"535\" height=\"401\" srcset=\"https:\/\/gaia-industrie.ch\/wp-content\/uploads\/2017\/07\/ac_Archive_2011-529-300x225.jpg 300w, https:\/\/gaia-industrie.ch\/wp-content\/uploads\/2017\/07\/ac_Archive_2011-529-768x576.jpg 768w, https:\/\/gaia-industrie.ch\/wp-content\/uploads\/2017\/07\/ac_Archive_2011-529-1024x768.jpg 1024w\" sizes=\"(max-width: 535px) 100vw, 535px\" \/><\/p>","protected":false},"excerpt":{"rendered":"<p>Gaia Industrie, c&#8217;est plus de trente ans d\u2019exp\u00e9rience industrielle et internationale \u00e0 votre service. Nos activit\u00e9s se d\u00e9veloppent autour de trois axes de comp\u00e9tences : qualit\u00e9, s\u00e9curit\u00e9 et environnement. &#032;&#099;&#111;&#110;&#116;&#097;&#099;&#116;&#101;&#122;&#045;&#110;&#111;&#117;&#115;&#033;<\/p>\n","protected":false},"author":1,"featured_media":0,"parent":0,"menu_order":0,"comment_status":"closed","ping_status":"closed","template":"template-frontpage.php","meta":[],"yoast_head":"<!-- This site is optimized with the Yoast SEO plugin v20.3 - https:\/\/yoast.com\/wordpress\/plugins\/seo\/ -->\n<title>Accueil - Gaia Industrie<\/title>\n<meta name=\"robots\" content=\"index, follow, max-snippet:-1, max-image-preview:large, max-video-preview:-1\" \/>\n<link rel=\"canonical\" href=\"https:\/\/gaia-industrie.ch\/fr\/\" \/>\n<meta property=\"og:locale\" content=\"fr_FR\" \/>\n<meta property=\"og:type\" content=\"article\" \/>\n<meta property=\"og:title\" content=\"[:fr]Accueil[:en]Home[:] - Gaia Industrie\" \/>\n<meta property=\"og:description\" content=\"Gaia Industrie, c&#8217;est plus de trente ans d\u2019exp\u00e9rience industrielle et internationale \u00e0 votre service. Nos activit\u00e9s se d\u00e9veloppent autour de trois axes de comp\u00e9tences : qualit\u00e9, s\u00e9curit\u00e9 et environnement. &#032;&#099;&#111;&#110;&#116;&#097;&#099;&#116;&#101;&#122;&#045;&#110;&#111;&#117;&#115;&#033;\" \/>\n<meta property=\"og:url\" content=\"https:\/\/gaia-industrie.ch\/fr\/\" \/>\n<meta property=\"og:site_name\" content=\"Gaia Industrie\" \/>\n<meta property=\"article:modified_time\" content=\"2026-02-04T11:55:49+00:00\" \/>\n<meta property=\"og:image\" content=\"http:\/\/gaia-industrie.ch\/wp-content\/uploads\/2017\/07\/ac_Archive_2011-529-300x225.jpg\" \/>\n<meta name=\"twitter:card\" content=\"summary_large_image\" \/>\n<meta name=\"twitter:label1\" content=\"Dur\u00e9e de lecture estim\u00e9e\" \/>\n\t<meta name=\"twitter:data1\" content=\"1 minute\" \/>\n<script type=\"application\/ld+json\" class=\"yoast-schema-graph\">{\"@context\":\"https:\/\/schema.org\",\"@graph\":[{\"@type\":\"WebPage\",\"@id\":\"https:\/\/gaia-industrie.ch\/fr\/\",\"url\":\"https:\/\/gaia-industrie.ch\/fr\/\",\"name\":\"[:fr]Accueil[:en]Home[:] - Gaia Industrie\",\"isPartOf\":{\"@id\":\"https:\/\/gaia-industrie.ch\/fr\/#website\"},\"datePublished\":\"2017-07-19T21:03:25+00:00\",\"dateModified\":\"2026-02-04T11:55:49+00:00\",\"breadcrumb\":{\"@id\":\"https:\/\/gaia-industrie.ch\/fr\/#breadcrumb\"},\"inLanguage\":\"fr-FR\",\"potentialAction\":[{\"@type\":\"ReadAction\",\"target\":[\"https:\/\/gaia-industrie.ch\/fr\/\"]}]},{\"@type\":\"BreadcrumbList\",\"@id\":\"https:\/\/gaia-industrie.ch\/fr\/#breadcrumb\",\"itemListElement\":[{\"@type\":\"ListItem\",\"position\":1,\"name\":\"Accueil\",\"item\":\"https:\/\/gaia-industrie.ch\/fr\/\"},{\"@type\":\"ListItem\",\"position\":2,\"name\":\"Accueil\"}]},{\"@type\":\"WebSite\",\"@id\":\"https:\/\/gaia-industrie.ch\/fr\/#website\",\"url\":\"https:\/\/gaia-industrie.ch\/fr\/\",\"name\":\"Gaia Industriet\",\"description\":\"Expertise en risque industriel\",\"publisher\":{\"@id\":\"https:\/\/gaia-industrie.ch\/fr\/#organization\"},\"potentialAction\":[{\"@type\":\"SearchAction\",\"target\":{\"@type\":\"EntryPoint\",\"urlTemplate\":\"https:\/\/gaia-industrie.ch\/fr\/?s={search_term_string}\"},\"query-input\":\"required name=search_term_string\"}],\"inLanguage\":\"fr-FR\"},{\"@type\":\"Organization\",\"@id\":\"https:\/\/gaia-industrie.ch\/fr\/#organization\",\"name\":\"Gaia Industrie\",\"url\":\"https:\/\/gaia-industrie.ch\/fr\/\",\"logo\":{\"@type\":\"ImageObject\",\"inLanguage\":\"fr-FR\",\"@id\":\"https:\/\/gaia-industrie.ch\/fr\/#\/schema\/logo\/image\/\",\"url\":\"https:\/\/gaia-industrie.ch\/wp-content\/uploads\/2017\/07\/logoGaia.png\",\"contentUrl\":\"https:\/\/gaia-industrie.ch\/wp-content\/uploads\/2017\/07\/logoGaia.png\",\"width\":370,\"height\":153,\"caption\":\"Gaia Industrie\"},\"image\":{\"@id\":\"https:\/\/gaia-industrie.ch\/fr\/#\/schema\/logo\/image\/\"}}]}<\/script>\n<!-- \/ Yoast SEO plugin. -->","yoast_head_json":{"title":"[:fr]Accueil[:en]Home[:] - Gaia Industrie","robots":{"index":"index","follow":"follow","max-snippet":"max-snippet:-1","max-image-preview":"max-image-preview:large","max-video-preview":"max-video-preview:-1"},"canonical":"https:\/\/gaia-industrie.ch\/fr\/","og_locale":"fr_FR","og_type":"article","og_title":"[:fr]Accueil[:en]Home[:] - Gaia Industrie","og_description":"Gaia Industrie, c&#8217;est plus de trente ans d\u2019exp\u00e9rience industrielle et internationale \u00e0 votre service. Nos activit\u00e9s se d\u00e9veloppent autour de trois axes de comp\u00e9tences : qualit\u00e9, s\u00e9curit\u00e9 et environnement. &#032;&#099;&#111;&#110;&#116;&#097;&#099;&#116;&#101;&#122;&#045;&#110;&#111;&#117;&#115;&#033;","og_url":"https:\/\/gaia-industrie.ch\/fr\/","og_site_name":"Gaia Industrie","article_modified_time":"2026-02-04T11:55:49+00:00","og_image":[{"url":"http:\/\/gaia-industrie.ch\/wp-content\/uploads\/2017\/07\/ac_Archive_2011-529-300x225.jpg"}],"twitter_card":"summary_large_image","twitter_misc":{"Dur\u00e9e de lecture estim\u00e9e":"1 minute"},"schema":{"@context":"https:\/\/schema.org","@graph":[{"@type":"WebPage","@id":"https:\/\/gaia-industrie.ch\/fr\/","url":"https:\/\/gaia-industrie.ch\/fr\/","name":"[:fr]Accueil[:en]Home[:] - Gaia Industrie","isPartOf":{"@id":"https:\/\/gaia-industrie.ch\/fr\/#website"},"datePublished":"2017-07-19T21:03:25+00:00","dateModified":"2026-02-04T11:55:49+00:00","breadcrumb":{"@id":"https:\/\/gaia-industrie.ch\/fr\/#breadcrumb"},"inLanguage":"fr-FR","potentialAction":[{"@type":"ReadAction","target":["https:\/\/gaia-industrie.ch\/fr\/"]}]},{"@type":"BreadcrumbList","@id":"https:\/\/gaia-industrie.ch\/fr\/#breadcrumb","itemListElement":[{"@type":"ListItem","position":1,"name":"Accueil","item":"https:\/\/gaia-industrie.ch\/fr\/"},{"@type":"ListItem","position":2,"name":"Accueil"}]},{"@type":"WebSite","@id":"https:\/\/gaia-industrie.ch\/fr\/#website","url":"https:\/\/gaia-industrie.ch\/fr\/","name":"Gaia Industriet","description":"Expertise en risque industriel","publisher":{"@id":"https:\/\/gaia-industrie.ch\/fr\/#organization"},"potentialAction":[{"@type":"SearchAction","target":{"@type":"EntryPoint","urlTemplate":"https:\/\/gaia-industrie.ch\/fr\/?s={search_term_string}"},"query-input":"required name=search_term_string"}],"inLanguage":"fr-FR"},{"@type":"Organization","@id":"https:\/\/gaia-industrie.ch\/fr\/#organization","name":"Gaia Industrie","url":"https:\/\/gaia-industrie.ch\/fr\/","logo":{"@type":"ImageObject","inLanguage":"fr-FR","@id":"https:\/\/gaia-industrie.ch\/fr\/#\/schema\/logo\/image\/","url":"https:\/\/gaia-industrie.ch\/wp-content\/uploads\/2017\/07\/logoGaia.png","contentUrl":"https:\/\/gaia-industrie.ch\/wp-content\/uploads\/2017\/07\/logoGaia.png","width":370,"height":153,"caption":"Gaia Industrie"},"image":{"@id":"https:\/\/gaia-industrie.ch\/fr\/#\/schema\/logo\/image\/"}}]}},"_links":{"self":[{"href":"https:\/\/gaia-industrie.ch\/fr\/wp-json\/wp\/v2\/pages\/25"}],"collection":[{"href":"https:\/\/gaia-industrie.ch\/fr\/wp-json\/wp\/v2\/pages"}],"about":[{"href":"https:\/\/gaia-industrie.ch\/fr\/wp-json\/wp\/v2\/types\/page"}],"author":[{"embeddable":true,"href":"https:\/\/gaia-industrie.ch\/fr\/wp-json\/wp\/v2\/users\/1"}],"replies":[{"embeddable":true,"href":"https:\/\/gaia-industrie.ch\/fr\/wp-json\/wp\/v2\/comments?post=25"}],"version-history":[{"count":16,"href":"https:\/\/gaia-industrie.ch\/fr\/wp-json\/wp\/v2\/pages\/25\/revisions"}],"predecessor-version":[{"id":261,"href":"https:\/\/gaia-industrie.ch\/fr\/wp-json\/wp\/v2\/pages\/25\/revisions\/261"}],"wp:attachment":[{"href":"https:\/\/gaia-industrie.ch\/fr\/wp-json\/wp\/v2\/media?parent=25"}],"curies":[{"name":"wp","href":"https:\/\/api.w.org\/{rel}","templated":true}]}}