{"id":52,"date":"2017-07-24T11:32:56","date_gmt":"2017-07-24T09:32:56","guid":{"rendered":"http:\/\/gaia-industrie.ch\/?page_id=52"},"modified":"2019-08-29T17:11:43","modified_gmt":"2019-08-29T15:11:43","slug":"qualite","status":"publish","type":"page","link":"https:\/\/gaia-industrie.ch\/fr\/qualite\/","title":{"rendered":"Qualit\u00e9"},"content":{"rendered":"<p>Une des nouveaut\u00e9s de la norme tient dans l\u2019identification des risques et opportunit\u00e9s.<br \/>\nGaia Industrie, sp\u00e9cialis\u00e9e dans l\u2019analyse des risques industriels, int\u00e8gre son savoir-faire dans son diagnostic et ses recommandations dans le cadre d\u2019un audit interne, pour une mise en conformit\u00e9 avant l\u2019audit de certification.<\/p>\n<p>Gaia Industrie vous propose de vous accompagner sur les points suivants :<\/p>\n<p><strong>\u2022 Pr\u00e9paration \u00e0 la certification de la NORME ISO 9001:2015<\/strong><br \/>\n<strong>\u2022 Identification des risques industriels dans les processus<\/strong><br \/>\n<strong>\u2022 Diagnostic qualit\u00e9 avec une approche de gestion des risques<\/strong><\/p>\n<p><img decoding=\"async\" loading=\"lazy\" src=\"http:\/\/gaia-industrie.ch\/wp-content\/uploads\/2018\/01\/BASF_Bat9_2011-194-optimized-300x225.jpg\" alt=\"\" width=\"300\" height=\"225\" class=\"alignnone size-medium wp-image-145\" srcset=\"https:\/\/gaia-industrie.ch\/wp-content\/uploads\/2018\/01\/BASF_Bat9_2011-194-optimized-300x225.jpg 300w, https:\/\/gaia-industrie.ch\/wp-content\/uploads\/2018\/01\/BASF_Bat9_2011-194-optimized-768x576.jpg 768w, https:\/\/gaia-industrie.ch\/wp-content\/uploads\/2018\/01\/BASF_Bat9_2011-194-optimized.jpg 1024w\" sizes=\"(max-width: 300px) 100vw, 300px\" \/><\/p>\n<p>&nbsp;<\/p>","protected":false},"excerpt":{"rendered":"<p>Une des nouveaut\u00e9s de la norme tient dans l\u2019identification des risques et opportunit\u00e9s. Gaia Industrie, sp\u00e9cialis\u00e9e dans l\u2019analyse des risques industriels, int\u00e8gre son savoir-faire dans son diagnostic et ses recommandations &#8230;<\/p>\n","protected":false},"author":2,"featured_media":0,"parent":0,"menu_order":0,"comment_status":"closed","ping_status":"closed","template":"","meta":[],"yoast_head":"<!-- This site is optimized with the Yoast SEO plugin v20.3 - https:\/\/yoast.com\/wordpress\/plugins\/seo\/ -->\n<title>Qualit\u00e9 - Gaia Industrie<\/title>\n<meta name=\"robots\" content=\"index, follow, max-snippet:-1, max-image-preview:large, max-video-preview:-1\" \/>\n<link rel=\"canonical\" href=\"https:\/\/gaia-industrie.ch\/fr\/qualite\/\" \/>\n<meta property=\"og:locale\" content=\"fr_FR\" \/>\n<meta property=\"og:type\" content=\"article\" \/>\n<meta property=\"og:title\" content=\"[:fr]Qualit\u00e9[:en]Quality[:] - Gaia Industrie\" \/>\n<meta property=\"og:description\" content=\"Une des nouveaut\u00e9s de la norme tient dans l\u2019identification des risques et opportunit\u00e9s. Gaia Industrie, sp\u00e9cialis\u00e9e dans l\u2019analyse des risques industriels, int\u00e8gre son savoir-faire dans son diagnostic et ses recommandations ...\" \/>\n<meta property=\"og:url\" content=\"https:\/\/gaia-industrie.ch\/fr\/qualite\/\" \/>\n<meta property=\"og:site_name\" content=\"Gaia Industrie\" \/>\n<meta property=\"article:modified_time\" content=\"2019-08-29T15:11:43+00:00\" \/>\n<meta property=\"og:image\" content=\"http:\/\/gaia-industrie.ch\/wp-content\/uploads\/2018\/01\/BASF_Bat9_2011-194-optimized-300x225.jpg\" \/>\n<meta name=\"twitter:card\" content=\"summary_large_image\" \/>\n<meta name=\"twitter:label1\" content=\"Dur\u00e9e de lecture estim\u00e9e\" \/>\n\t<meta name=\"twitter:data1\" content=\"1 minute\" \/>\n<script type=\"application\/ld+json\" class=\"yoast-schema-graph\">{\"@context\":\"https:\/\/schema.org\",\"@graph\":[{\"@type\":\"WebPage\",\"@id\":\"https:\/\/gaia-industrie.ch\/fr\/qualite\/\",\"url\":\"https:\/\/gaia-industrie.ch\/fr\/qualite\/\",\"name\":\"[:fr]Qualit\u00e9[:en]Quality[:] - Gaia Industrie\",\"isPartOf\":{\"@id\":\"https:\/\/gaia-industrie.ch\/fr\/#website\"},\"datePublished\":\"2017-07-24T09:32:56+00:00\",\"dateModified\":\"2019-08-29T15:11:43+00:00\",\"breadcrumb\":{\"@id\":\"https:\/\/gaia-industrie.ch\/fr\/qualite\/#breadcrumb\"},\"inLanguage\":\"fr-FR\",\"potentialAction\":[{\"@type\":\"ReadAction\",\"target\":[\"https:\/\/gaia-industrie.ch\/fr\/qualite\/\"]}]},{\"@type\":\"BreadcrumbList\",\"@id\":\"https:\/\/gaia-industrie.ch\/fr\/qualite\/#breadcrumb\",\"itemListElement\":[{\"@type\":\"ListItem\",\"position\":1,\"name\":\"Accueil\",\"item\":\"https:\/\/gaia-industrie.ch\/fr\/\"},{\"@type\":\"ListItem\",\"position\":2,\"name\":\"Qualit\u00e9\"}]},{\"@type\":\"WebSite\",\"@id\":\"https:\/\/gaia-industrie.ch\/fr\/#website\",\"url\":\"https:\/\/gaia-industrie.ch\/fr\/\",\"name\":\"Gaia Industriet\",\"description\":\"Expertise en risque industriel\",\"publisher\":{\"@id\":\"https:\/\/gaia-industrie.ch\/fr\/#organization\"},\"potentialAction\":[{\"@type\":\"SearchAction\",\"target\":{\"@type\":\"EntryPoint\",\"urlTemplate\":\"https:\/\/gaia-industrie.ch\/fr\/?s={search_term_string}\"},\"query-input\":\"required name=search_term_string\"}],\"inLanguage\":\"fr-FR\"},{\"@type\":\"Organization\",\"@id\":\"https:\/\/gaia-industrie.ch\/fr\/#organization\",\"name\":\"Gaia Industrie\",\"url\":\"https:\/\/gaia-industrie.ch\/fr\/\",\"logo\":{\"@type\":\"ImageObject\",\"inLanguage\":\"fr-FR\",\"@id\":\"https:\/\/gaia-industrie.ch\/fr\/#\/schema\/logo\/image\/\",\"url\":\"https:\/\/gaia-industrie.ch\/wp-content\/uploads\/2017\/07\/logoGaia.png\",\"contentUrl\":\"https:\/\/gaia-industrie.ch\/wp-content\/uploads\/2017\/07\/logoGaia.png\",\"width\":370,\"height\":153,\"caption\":\"Gaia Industrie\"},\"image\":{\"@id\":\"https:\/\/gaia-industrie.ch\/fr\/#\/schema\/logo\/image\/\"}}]}<\/script>\n<!-- \/ Yoast SEO plugin. -->","yoast_head_json":{"title":"[:fr]Qualit\u00e9[:en]Quality[:] - Gaia Industrie","robots":{"index":"index","follow":"follow","max-snippet":"max-snippet:-1","max-image-preview":"max-image-preview:large","max-video-preview":"max-video-preview:-1"},"canonical":"https:\/\/gaia-industrie.ch\/fr\/qualite\/","og_locale":"fr_FR","og_type":"article","og_title":"[:fr]Qualit\u00e9[:en]Quality[:] - Gaia Industrie","og_description":"Une des nouveaut\u00e9s de la norme tient dans l\u2019identification des risques et opportunit\u00e9s. Gaia Industrie, sp\u00e9cialis\u00e9e dans l\u2019analyse des risques industriels, int\u00e8gre son savoir-faire dans son diagnostic et ses recommandations ...","og_url":"https:\/\/gaia-industrie.ch\/fr\/qualite\/","og_site_name":"Gaia Industrie","article_modified_time":"2019-08-29T15:11:43+00:00","og_image":[{"url":"http:\/\/gaia-industrie.ch\/wp-content\/uploads\/2018\/01\/BASF_Bat9_2011-194-optimized-300x225.jpg"}],"twitter_card":"summary_large_image","twitter_misc":{"Dur\u00e9e de lecture estim\u00e9e":"1 minute"},"schema":{"@context":"https:\/\/schema.org","@graph":[{"@type":"WebPage","@id":"https:\/\/gaia-industrie.ch\/fr\/qualite\/","url":"https:\/\/gaia-industrie.ch\/fr\/qualite\/","name":"[:fr]Qualit\u00e9[:en]Quality[:] - Gaia Industrie","isPartOf":{"@id":"https:\/\/gaia-industrie.ch\/fr\/#website"},"datePublished":"2017-07-24T09:32:56+00:00","dateModified":"2019-08-29T15:11:43+00:00","breadcrumb":{"@id":"https:\/\/gaia-industrie.ch\/fr\/qualite\/#breadcrumb"},"inLanguage":"fr-FR","potentialAction":[{"@type":"ReadAction","target":["https:\/\/gaia-industrie.ch\/fr\/qualite\/"]}]},{"@type":"BreadcrumbList","@id":"https:\/\/gaia-industrie.ch\/fr\/qualite\/#breadcrumb","itemListElement":[{"@type":"ListItem","position":1,"name":"Accueil","item":"https:\/\/gaia-industrie.ch\/fr\/"},{"@type":"ListItem","position":2,"name":"Qualit\u00e9"}]},{"@type":"WebSite","@id":"https:\/\/gaia-industrie.ch\/fr\/#website","url":"https:\/\/gaia-industrie.ch\/fr\/","name":"Gaia Industriet","description":"Expertise en risque industriel","publisher":{"@id":"https:\/\/gaia-industrie.ch\/fr\/#organization"},"potentialAction":[{"@type":"SearchAction","target":{"@type":"EntryPoint","urlTemplate":"https:\/\/gaia-industrie.ch\/fr\/?s={search_term_string}"},"query-input":"required name=search_term_string"}],"inLanguage":"fr-FR"},{"@type":"Organization","@id":"https:\/\/gaia-industrie.ch\/fr\/#organization","name":"Gaia Industrie","url":"https:\/\/gaia-industrie.ch\/fr\/","logo":{"@type":"ImageObject","inLanguage":"fr-FR","@id":"https:\/\/gaia-industrie.ch\/fr\/#\/schema\/logo\/image\/","url":"https:\/\/gaia-industrie.ch\/wp-content\/uploads\/2017\/07\/logoGaia.png","contentUrl":"https:\/\/gaia-industrie.ch\/wp-content\/uploads\/2017\/07\/logoGaia.png","width":370,"height":153,"caption":"Gaia Industrie"},"image":{"@id":"https:\/\/gaia-industrie.ch\/fr\/#\/schema\/logo\/image\/"}}]}},"_links":{"self":[{"href":"https:\/\/gaia-industrie.ch\/fr\/wp-json\/wp\/v2\/pages\/52"}],"collection":[{"href":"https:\/\/gaia-industrie.ch\/fr\/wp-json\/wp\/v2\/pages"}],"about":[{"href":"https:\/\/gaia-industrie.ch\/fr\/wp-json\/wp\/v2\/types\/page"}],"author":[{"embeddable":true,"href":"https:\/\/gaia-industrie.ch\/fr\/wp-json\/wp\/v2\/users\/2"}],"replies":[{"embeddable":true,"href":"https:\/\/gaia-industrie.ch\/fr\/wp-json\/wp\/v2\/comments?post=52"}],"version-history":[{"count":10,"href":"https:\/\/gaia-industrie.ch\/fr\/wp-json\/wp\/v2\/pages\/52\/revisions"}],"predecessor-version":[{"id":249,"href":"https:\/\/gaia-industrie.ch\/fr\/wp-json\/wp\/v2\/pages\/52\/revisions\/249"}],"wp:attachment":[{"href":"https:\/\/gaia-industrie.ch\/fr\/wp-json\/wp\/v2\/media?parent=52"}],"curies":[{"name":"wp","href":"https:\/\/api.w.org\/{rel}","templated":true}]}}