{"id":59,"date":"2017-07-24T11:51:15","date_gmt":"2017-07-24T09:51:15","guid":{"rendered":"http:\/\/gaia-industrie.ch\/?page_id=59"},"modified":"2019-08-29T17:12:45","modified_gmt":"2019-08-29T15:12:45","slug":"securite","status":"publish","type":"page","link":"https:\/\/gaia-industrie.ch\/fr\/securite\/","title":{"rendered":"S\u00e9curit\u00e9"},"content":{"rendered":"<p>Un concept de s\u00e9curit\u00e9 personnalis\u00e9 et adapt\u00e9 aux risques \u00e9valu\u00e9s dans l\u2019entreprise est garant d\u2019une gestion responsable et durable.<br \/>\nL\u2019anticipation des accidents est la cl\u00e9 de la s\u00e9curit\u00e9 des employ\u00e9s. Gaia Industrie propose des mises en s\u00e9curit\u00e9\/conformit\u00e9 notamment dans les secteurs de la chimie, agrochimie, pharmacie, mat\u00e9riaux de construction&#8230;<\/p>\n<p><strong>\u2022 Protection contre les explosions ATEX (EN 1127-1)<\/strong><br \/>\n<strong>\u2022 S\u00e9curit\u00e9 des machines (Dir. 2006\/42\/CE)<\/strong><br \/>\n<strong>\u2022 Aide \u00e0 l\u2019enregistrement, l\u2019\u00e9valuation et l\u2019autorisation des produits chimiques (REACH)<\/strong><br \/>\n<strong>\u2022 R\u00e8glement CLP (classification, \u00e9tiquetage, emballage) \/ GHS<\/strong><\/p>\n<p><img decoding=\"async\" loading=\"lazy\" src=\"http:\/\/gaia-industrie.ch\/wp-content\/uploads\/2018\/01\/IMG_3188-optimized-300x224.jpg\" alt=\"\" width=\"300\" height=\"224\" class=\"alignnone size-medium wp-image-146\" srcset=\"https:\/\/gaia-industrie.ch\/wp-content\/uploads\/2018\/01\/IMG_3188-optimized-300x224.jpg 300w, https:\/\/gaia-industrie.ch\/wp-content\/uploads\/2018\/01\/IMG_3188-optimized-768x574.jpg 768w, https:\/\/gaia-industrie.ch\/wp-content\/uploads\/2018\/01\/IMG_3188-optimized.jpg 1024w\" sizes=\"(max-width: 300px) 100vw, 300px\" \/><\/p>","protected":false},"excerpt":{"rendered":"<p>Un concept de s\u00e9curit\u00e9 personnalis\u00e9 et adapt\u00e9 aux risques \u00e9valu\u00e9s dans l\u2019entreprise est garant d\u2019une gestion responsable et durable. L\u2019anticipation des accidents est la cl\u00e9 de la s\u00e9curit\u00e9 des employ\u00e9s. &#8230;<\/p>\n","protected":false},"author":2,"featured_media":0,"parent":0,"menu_order":0,"comment_status":"closed","ping_status":"closed","template":"","meta":[],"yoast_head":"<!-- This site is optimized with the Yoast SEO plugin v20.3 - https:\/\/yoast.com\/wordpress\/plugins\/seo\/ -->\n<title>S\u00e9curit\u00e9 - Gaia Industrie<\/title>\n<meta name=\"robots\" content=\"index, follow, max-snippet:-1, max-image-preview:large, max-video-preview:-1\" \/>\n<link rel=\"canonical\" href=\"https:\/\/gaia-industrie.ch\/fr\/securite\/\" \/>\n<meta property=\"og:locale\" content=\"fr_FR\" \/>\n<meta property=\"og:type\" content=\"article\" \/>\n<meta property=\"og:title\" content=\"[:fr]S\u00e9curit\u00e9[:en]Safety[:] - Gaia Industrie\" \/>\n<meta property=\"og:description\" content=\"Un concept de s\u00e9curit\u00e9 personnalis\u00e9 et adapt\u00e9 aux risques \u00e9valu\u00e9s dans l\u2019entreprise est garant d\u2019une gestion responsable et durable. L\u2019anticipation des accidents est la cl\u00e9 de la s\u00e9curit\u00e9 des employ\u00e9s. ...\" \/>\n<meta property=\"og:url\" content=\"https:\/\/gaia-industrie.ch\/fr\/securite\/\" \/>\n<meta property=\"og:site_name\" content=\"Gaia Industrie\" \/>\n<meta property=\"article:modified_time\" content=\"2019-08-29T15:12:45+00:00\" \/>\n<meta property=\"og:image\" content=\"http:\/\/gaia-industrie.ch\/wp-content\/uploads\/2018\/01\/IMG_3188-optimized-300x224.jpg\" \/>\n<meta name=\"twitter:card\" content=\"summary_large_image\" \/>\n<meta name=\"twitter:label1\" content=\"Dur\u00e9e de lecture estim\u00e9e\" \/>\n\t<meta name=\"twitter:data1\" content=\"1 minute\" \/>\n<script type=\"application\/ld+json\" class=\"yoast-schema-graph\">{\"@context\":\"https:\/\/schema.org\",\"@graph\":[{\"@type\":\"WebPage\",\"@id\":\"https:\/\/gaia-industrie.ch\/fr\/securite\/\",\"url\":\"https:\/\/gaia-industrie.ch\/fr\/securite\/\",\"name\":\"[:fr]S\u00e9curit\u00e9[:en]Safety[:] - Gaia Industrie\",\"isPartOf\":{\"@id\":\"https:\/\/gaia-industrie.ch\/fr\/#website\"},\"datePublished\":\"2017-07-24T09:51:15+00:00\",\"dateModified\":\"2019-08-29T15:12:45+00:00\",\"breadcrumb\":{\"@id\":\"https:\/\/gaia-industrie.ch\/fr\/securite\/#breadcrumb\"},\"inLanguage\":\"fr-FR\",\"potentialAction\":[{\"@type\":\"ReadAction\",\"target\":[\"https:\/\/gaia-industrie.ch\/fr\/securite\/\"]}]},{\"@type\":\"BreadcrumbList\",\"@id\":\"https:\/\/gaia-industrie.ch\/fr\/securite\/#breadcrumb\",\"itemListElement\":[{\"@type\":\"ListItem\",\"position\":1,\"name\":\"Accueil\",\"item\":\"https:\/\/gaia-industrie.ch\/fr\/\"},{\"@type\":\"ListItem\",\"position\":2,\"name\":\"S\u00e9curit\u00e9\"}]},{\"@type\":\"WebSite\",\"@id\":\"https:\/\/gaia-industrie.ch\/fr\/#website\",\"url\":\"https:\/\/gaia-industrie.ch\/fr\/\",\"name\":\"Gaia Industriet\",\"description\":\"Expertise en risque industriel\",\"publisher\":{\"@id\":\"https:\/\/gaia-industrie.ch\/fr\/#organization\"},\"potentialAction\":[{\"@type\":\"SearchAction\",\"target\":{\"@type\":\"EntryPoint\",\"urlTemplate\":\"https:\/\/gaia-industrie.ch\/fr\/?s={search_term_string}\"},\"query-input\":\"required name=search_term_string\"}],\"inLanguage\":\"fr-FR\"},{\"@type\":\"Organization\",\"@id\":\"https:\/\/gaia-industrie.ch\/fr\/#organization\",\"name\":\"Gaia Industrie\",\"url\":\"https:\/\/gaia-industrie.ch\/fr\/\",\"logo\":{\"@type\":\"ImageObject\",\"inLanguage\":\"fr-FR\",\"@id\":\"https:\/\/gaia-industrie.ch\/fr\/#\/schema\/logo\/image\/\",\"url\":\"https:\/\/gaia-industrie.ch\/wp-content\/uploads\/2017\/07\/logoGaia.png\",\"contentUrl\":\"https:\/\/gaia-industrie.ch\/wp-content\/uploads\/2017\/07\/logoGaia.png\",\"width\":370,\"height\":153,\"caption\":\"Gaia Industrie\"},\"image\":{\"@id\":\"https:\/\/gaia-industrie.ch\/fr\/#\/schema\/logo\/image\/\"}}]}<\/script>\n<!-- \/ Yoast SEO plugin. -->","yoast_head_json":{"title":"[:fr]S\u00e9curit\u00e9[:en]Safety[:] - Gaia Industrie","robots":{"index":"index","follow":"follow","max-snippet":"max-snippet:-1","max-image-preview":"max-image-preview:large","max-video-preview":"max-video-preview:-1"},"canonical":"https:\/\/gaia-industrie.ch\/fr\/securite\/","og_locale":"fr_FR","og_type":"article","og_title":"[:fr]S\u00e9curit\u00e9[:en]Safety[:] - Gaia Industrie","og_description":"Un concept de s\u00e9curit\u00e9 personnalis\u00e9 et adapt\u00e9 aux risques \u00e9valu\u00e9s dans l\u2019entreprise est garant d\u2019une gestion responsable et durable. L\u2019anticipation des accidents est la cl\u00e9 de la s\u00e9curit\u00e9 des employ\u00e9s. ...","og_url":"https:\/\/gaia-industrie.ch\/fr\/securite\/","og_site_name":"Gaia Industrie","article_modified_time":"2019-08-29T15:12:45+00:00","og_image":[{"url":"http:\/\/gaia-industrie.ch\/wp-content\/uploads\/2018\/01\/IMG_3188-optimized-300x224.jpg"}],"twitter_card":"summary_large_image","twitter_misc":{"Dur\u00e9e de lecture estim\u00e9e":"1 minute"},"schema":{"@context":"https:\/\/schema.org","@graph":[{"@type":"WebPage","@id":"https:\/\/gaia-industrie.ch\/fr\/securite\/","url":"https:\/\/gaia-industrie.ch\/fr\/securite\/","name":"[:fr]S\u00e9curit\u00e9[:en]Safety[:] - Gaia Industrie","isPartOf":{"@id":"https:\/\/gaia-industrie.ch\/fr\/#website"},"datePublished":"2017-07-24T09:51:15+00:00","dateModified":"2019-08-29T15:12:45+00:00","breadcrumb":{"@id":"https:\/\/gaia-industrie.ch\/fr\/securite\/#breadcrumb"},"inLanguage":"fr-FR","potentialAction":[{"@type":"ReadAction","target":["https:\/\/gaia-industrie.ch\/fr\/securite\/"]}]},{"@type":"BreadcrumbList","@id":"https:\/\/gaia-industrie.ch\/fr\/securite\/#breadcrumb","itemListElement":[{"@type":"ListItem","position":1,"name":"Accueil","item":"https:\/\/gaia-industrie.ch\/fr\/"},{"@type":"ListItem","position":2,"name":"S\u00e9curit\u00e9"}]},{"@type":"WebSite","@id":"https:\/\/gaia-industrie.ch\/fr\/#website","url":"https:\/\/gaia-industrie.ch\/fr\/","name":"Gaia Industriet","description":"Expertise en risque industriel","publisher":{"@id":"https:\/\/gaia-industrie.ch\/fr\/#organization"},"potentialAction":[{"@type":"SearchAction","target":{"@type":"EntryPoint","urlTemplate":"https:\/\/gaia-industrie.ch\/fr\/?s={search_term_string}"},"query-input":"required name=search_term_string"}],"inLanguage":"fr-FR"},{"@type":"Organization","@id":"https:\/\/gaia-industrie.ch\/fr\/#organization","name":"Gaia Industrie","url":"https:\/\/gaia-industrie.ch\/fr\/","logo":{"@type":"ImageObject","inLanguage":"fr-FR","@id":"https:\/\/gaia-industrie.ch\/fr\/#\/schema\/logo\/image\/","url":"https:\/\/gaia-industrie.ch\/wp-content\/uploads\/2017\/07\/logoGaia.png","contentUrl":"https:\/\/gaia-industrie.ch\/wp-content\/uploads\/2017\/07\/logoGaia.png","width":370,"height":153,"caption":"Gaia Industrie"},"image":{"@id":"https:\/\/gaia-industrie.ch\/fr\/#\/schema\/logo\/image\/"}}]}},"_links":{"self":[{"href":"https:\/\/gaia-industrie.ch\/fr\/wp-json\/wp\/v2\/pages\/59"}],"collection":[{"href":"https:\/\/gaia-industrie.ch\/fr\/wp-json\/wp\/v2\/pages"}],"about":[{"href":"https:\/\/gaia-industrie.ch\/fr\/wp-json\/wp\/v2\/types\/page"}],"author":[{"embeddable":true,"href":"https:\/\/gaia-industrie.ch\/fr\/wp-json\/wp\/v2\/users\/2"}],"replies":[{"embeddable":true,"href":"https:\/\/gaia-industrie.ch\/fr\/wp-json\/wp\/v2\/comments?post=59"}],"version-history":[{"count":10,"href":"https:\/\/gaia-industrie.ch\/fr\/wp-json\/wp\/v2\/pages\/59\/revisions"}],"predecessor-version":[{"id":152,"href":"https:\/\/gaia-industrie.ch\/fr\/wp-json\/wp\/v2\/pages\/59\/revisions\/152"}],"wp:attachment":[{"href":"https:\/\/gaia-industrie.ch\/fr\/wp-json\/wp\/v2\/media?parent=59"}],"curies":[{"name":"wp","href":"https:\/\/api.w.org\/{rel}","templated":true}]}}