{"id":60,"date":"2017-07-24T11:51:15","date_gmt":"2017-07-24T09:51:15","guid":{"rendered":"http:\/\/gaia-industrie.ch\/?page_id=60"},"modified":"2019-08-29T17:05:51","modified_gmt":"2019-08-29T15:05:51","slug":"formation","status":"publish","type":"page","link":"https:\/\/gaia-industrie.ch\/fr\/formation\/","title":{"rendered":"Formation"},"content":{"rendered":"<p>Avec une bonne ma\u00eetrise de la r\u00e8glementation (CH, EU), Gaia Industrie rep\u00e8re les \u00e9l\u00e9ments pertinents pour l\u2019entreprise et propose des formations sp\u00e9cialis\u00e9es pour les op\u00e9rateurs, responsables s\u00e9curit\u00e9, ing\u00e9nieurs proc\u00e9d\u00e9s et directeurs. La formation de Gaia industrie r\u00e9pond \u00e0 l\u2018obligation l\u00e9gale de l\u2019employeur en cas de risques dans l\u2019entreprise et cr\u00e9e une prise de conscience des dangers pour les employ\u00e9s et leur permet de g\u00e9rer les risques de fa\u00e7on professionnelle.<\/p>\n<p><strong>\u2022 Formation \u00ab Qualit\u00e9 \u00bb pour les pilotes de processus (selon la Norme ISO 9001:2015)<\/strong><br \/>\n<strong>\u2022 Formation \u00ab S\u00e9curit\u00e9 li\u00e9e aux risques d\u2019explosion de poussi\u00e8res \u00bb (selon les Directives ATEX)<\/strong><br \/>\n<strong>\u2022 Formation \u00ab pr\u00e9vention des risques \u00bb<\/strong><\/p>\n<p><img decoding=\"async\" loading=\"lazy\" class=\"aligncenter wp-image-94 size-large\" src=\"http:\/\/gaia-industrie.ch\/wp-content\/uploads\/2017\/07\/IMG_0733-e1503344201760-765x1024.jpg\" alt=\"\" width=\"765\" height=\"1024\" srcset=\"https:\/\/gaia-industrie.ch\/wp-content\/uploads\/2017\/07\/IMG_0733-e1503344201760-765x1024.jpg 765w, https:\/\/gaia-industrie.ch\/wp-content\/uploads\/2017\/07\/IMG_0733-e1503344201760-224x300.jpg 224w, https:\/\/gaia-industrie.ch\/wp-content\/uploads\/2017\/07\/IMG_0733-e1503344201760-768x1028.jpg 768w, https:\/\/gaia-industrie.ch\/wp-content\/uploads\/2017\/07\/IMG_0733-e1503344201760.jpg 1936w\" sizes=\"(max-width: 765px) 100vw, 765px\" \/><\/p>","protected":false},"excerpt":{"rendered":"<p>Avec une bonne ma\u00eetrise de la r\u00e8glementation (CH, EU), Gaia Industrie rep\u00e8re les \u00e9l\u00e9ments pertinents pour l\u2019entreprise et propose des formations sp\u00e9cialis\u00e9es pour les op\u00e9rateurs, responsables s\u00e9curit\u00e9, ing\u00e9nieurs proc\u00e9d\u00e9s et &#8230;<\/p>\n","protected":false},"author":2,"featured_media":0,"parent":0,"menu_order":0,"comment_status":"closed","ping_status":"closed","template":"","meta":[],"yoast_head":"<!-- This site is optimized with the Yoast SEO plugin v20.3 - https:\/\/yoast.com\/wordpress\/plugins\/seo\/ -->\n<title>Formation - Gaia Industrie<\/title>\n<meta name=\"robots\" content=\"index, follow, max-snippet:-1, max-image-preview:large, max-video-preview:-1\" \/>\n<link rel=\"canonical\" href=\"https:\/\/gaia-industrie.ch\/fr\/formation\/\" \/>\n<meta property=\"og:locale\" content=\"fr_FR\" \/>\n<meta property=\"og:type\" content=\"article\" \/>\n<meta property=\"og:title\" content=\"[:fr]Formation[:en]Training[:] - Gaia Industrie\" \/>\n<meta property=\"og:description\" content=\"Avec une bonne ma\u00eetrise de la r\u00e8glementation (CH, EU), Gaia Industrie rep\u00e8re les \u00e9l\u00e9ments pertinents pour l\u2019entreprise et propose des formations sp\u00e9cialis\u00e9es pour les op\u00e9rateurs, responsables s\u00e9curit\u00e9, ing\u00e9nieurs proc\u00e9d\u00e9s et ...\" \/>\n<meta property=\"og:url\" content=\"https:\/\/gaia-industrie.ch\/fr\/formation\/\" \/>\n<meta property=\"og:site_name\" content=\"Gaia Industrie\" \/>\n<meta property=\"article:modified_time\" content=\"2019-08-29T15:05:51+00:00\" \/>\n<meta property=\"og:image\" content=\"http:\/\/gaia-industrie.ch\/wp-content\/uploads\/2017\/07\/IMG_0733-e1503344201760-765x1024.jpg\" \/>\n<meta name=\"twitter:card\" content=\"summary_large_image\" \/>\n<meta name=\"twitter:label1\" content=\"Dur\u00e9e de lecture estim\u00e9e\" \/>\n\t<meta name=\"twitter:data1\" content=\"1 minute\" \/>\n<script type=\"application\/ld+json\" class=\"yoast-schema-graph\">{\"@context\":\"https:\/\/schema.org\",\"@graph\":[{\"@type\":\"WebPage\",\"@id\":\"https:\/\/gaia-industrie.ch\/fr\/formation\/\",\"url\":\"https:\/\/gaia-industrie.ch\/fr\/formation\/\",\"name\":\"[:fr]Formation[:en]Training[:] - Gaia Industrie\",\"isPartOf\":{\"@id\":\"https:\/\/gaia-industrie.ch\/fr\/#website\"},\"datePublished\":\"2017-07-24T09:51:15+00:00\",\"dateModified\":\"2019-08-29T15:05:51+00:00\",\"breadcrumb\":{\"@id\":\"https:\/\/gaia-industrie.ch\/fr\/formation\/#breadcrumb\"},\"inLanguage\":\"fr-FR\",\"potentialAction\":[{\"@type\":\"ReadAction\",\"target\":[\"https:\/\/gaia-industrie.ch\/fr\/formation\/\"]}]},{\"@type\":\"BreadcrumbList\",\"@id\":\"https:\/\/gaia-industrie.ch\/fr\/formation\/#breadcrumb\",\"itemListElement\":[{\"@type\":\"ListItem\",\"position\":1,\"name\":\"Accueil\",\"item\":\"https:\/\/gaia-industrie.ch\/fr\/\"},{\"@type\":\"ListItem\",\"position\":2,\"name\":\"Formation\"}]},{\"@type\":\"WebSite\",\"@id\":\"https:\/\/gaia-industrie.ch\/fr\/#website\",\"url\":\"https:\/\/gaia-industrie.ch\/fr\/\",\"name\":\"Gaia Industriet\",\"description\":\"Expertise en risque industriel\",\"publisher\":{\"@id\":\"https:\/\/gaia-industrie.ch\/fr\/#organization\"},\"potentialAction\":[{\"@type\":\"SearchAction\",\"target\":{\"@type\":\"EntryPoint\",\"urlTemplate\":\"https:\/\/gaia-industrie.ch\/fr\/?s={search_term_string}\"},\"query-input\":\"required name=search_term_string\"}],\"inLanguage\":\"fr-FR\"},{\"@type\":\"Organization\",\"@id\":\"https:\/\/gaia-industrie.ch\/fr\/#organization\",\"name\":\"Gaia Industrie\",\"url\":\"https:\/\/gaia-industrie.ch\/fr\/\",\"logo\":{\"@type\":\"ImageObject\",\"inLanguage\":\"fr-FR\",\"@id\":\"https:\/\/gaia-industrie.ch\/fr\/#\/schema\/logo\/image\/\",\"url\":\"https:\/\/gaia-industrie.ch\/wp-content\/uploads\/2017\/07\/logoGaia.png\",\"contentUrl\":\"https:\/\/gaia-industrie.ch\/wp-content\/uploads\/2017\/07\/logoGaia.png\",\"width\":370,\"height\":153,\"caption\":\"Gaia Industrie\"},\"image\":{\"@id\":\"https:\/\/gaia-industrie.ch\/fr\/#\/schema\/logo\/image\/\"}}]}<\/script>\n<!-- \/ Yoast SEO plugin. -->","yoast_head_json":{"title":"[:fr]Formation[:en]Training[:] - Gaia Industrie","robots":{"index":"index","follow":"follow","max-snippet":"max-snippet:-1","max-image-preview":"max-image-preview:large","max-video-preview":"max-video-preview:-1"},"canonical":"https:\/\/gaia-industrie.ch\/fr\/formation\/","og_locale":"fr_FR","og_type":"article","og_title":"[:fr]Formation[:en]Training[:] - Gaia Industrie","og_description":"Avec une bonne ma\u00eetrise de la r\u00e8glementation (CH, EU), Gaia Industrie rep\u00e8re les \u00e9l\u00e9ments pertinents pour l\u2019entreprise et propose des formations sp\u00e9cialis\u00e9es pour les op\u00e9rateurs, responsables s\u00e9curit\u00e9, ing\u00e9nieurs proc\u00e9d\u00e9s et ...","og_url":"https:\/\/gaia-industrie.ch\/fr\/formation\/","og_site_name":"Gaia Industrie","article_modified_time":"2019-08-29T15:05:51+00:00","og_image":[{"url":"http:\/\/gaia-industrie.ch\/wp-content\/uploads\/2017\/07\/IMG_0733-e1503344201760-765x1024.jpg"}],"twitter_card":"summary_large_image","twitter_misc":{"Dur\u00e9e de lecture estim\u00e9e":"1 minute"},"schema":{"@context":"https:\/\/schema.org","@graph":[{"@type":"WebPage","@id":"https:\/\/gaia-industrie.ch\/fr\/formation\/","url":"https:\/\/gaia-industrie.ch\/fr\/formation\/","name":"[:fr]Formation[:en]Training[:] - Gaia Industrie","isPartOf":{"@id":"https:\/\/gaia-industrie.ch\/fr\/#website"},"datePublished":"2017-07-24T09:51:15+00:00","dateModified":"2019-08-29T15:05:51+00:00","breadcrumb":{"@id":"https:\/\/gaia-industrie.ch\/fr\/formation\/#breadcrumb"},"inLanguage":"fr-FR","potentialAction":[{"@type":"ReadAction","target":["https:\/\/gaia-industrie.ch\/fr\/formation\/"]}]},{"@type":"BreadcrumbList","@id":"https:\/\/gaia-industrie.ch\/fr\/formation\/#breadcrumb","itemListElement":[{"@type":"ListItem","position":1,"name":"Accueil","item":"https:\/\/gaia-industrie.ch\/fr\/"},{"@type":"ListItem","position":2,"name":"Formation"}]},{"@type":"WebSite","@id":"https:\/\/gaia-industrie.ch\/fr\/#website","url":"https:\/\/gaia-industrie.ch\/fr\/","name":"Gaia Industriet","description":"Expertise en risque industriel","publisher":{"@id":"https:\/\/gaia-industrie.ch\/fr\/#organization"},"potentialAction":[{"@type":"SearchAction","target":{"@type":"EntryPoint","urlTemplate":"https:\/\/gaia-industrie.ch\/fr\/?s={search_term_string}"},"query-input":"required name=search_term_string"}],"inLanguage":"fr-FR"},{"@type":"Organization","@id":"https:\/\/gaia-industrie.ch\/fr\/#organization","name":"Gaia Industrie","url":"https:\/\/gaia-industrie.ch\/fr\/","logo":{"@type":"ImageObject","inLanguage":"fr-FR","@id":"https:\/\/gaia-industrie.ch\/fr\/#\/schema\/logo\/image\/","url":"https:\/\/gaia-industrie.ch\/wp-content\/uploads\/2017\/07\/logoGaia.png","contentUrl":"https:\/\/gaia-industrie.ch\/wp-content\/uploads\/2017\/07\/logoGaia.png","width":370,"height":153,"caption":"Gaia Industrie"},"image":{"@id":"https:\/\/gaia-industrie.ch\/fr\/#\/schema\/logo\/image\/"}}]}},"_links":{"self":[{"href":"https:\/\/gaia-industrie.ch\/fr\/wp-json\/wp\/v2\/pages\/60"}],"collection":[{"href":"https:\/\/gaia-industrie.ch\/fr\/wp-json\/wp\/v2\/pages"}],"about":[{"href":"https:\/\/gaia-industrie.ch\/fr\/wp-json\/wp\/v2\/types\/page"}],"author":[{"embeddable":true,"href":"https:\/\/gaia-industrie.ch\/fr\/wp-json\/wp\/v2\/users\/2"}],"replies":[{"embeddable":true,"href":"https:\/\/gaia-industrie.ch\/fr\/wp-json\/wp\/v2\/comments?post=60"}],"version-history":[{"count":10,"href":"https:\/\/gaia-industrie.ch\/fr\/wp-json\/wp\/v2\/pages\/60\/revisions"}],"predecessor-version":[{"id":218,"href":"https:\/\/gaia-industrie.ch\/fr\/wp-json\/wp\/v2\/pages\/60\/revisions\/218"}],"wp:attachment":[{"href":"https:\/\/gaia-industrie.ch\/fr\/wp-json\/wp\/v2\/media?parent=60"}],"curies":[{"name":"wp","href":"https:\/\/api.w.org\/{rel}","templated":true}]}}